{"id":5,"date":"2026-03-10T15:34:34","date_gmt":"2026-03-10T15:34:34","guid":{"rendered":"https:\/\/euroaz.az\/?page_id=5"},"modified":"2026-03-12T02:29:29","modified_gmt":"2026-03-11T22:29:29","slug":"ana-s%c9%99hif%c9%99","status":"publish","type":"page","link":"https:\/\/euroaz.az\/","title":{"rendered":"Euro Az Logistics"},"content":{"rendered":"\n<p>Etibarl\u0131 beyn\u0259lxalq logistika v\u0259 y\u00fckda\u015f\u0131malar\u0131<\/p>\n\n\n\n<div class=\"wp-block-cover is-light\"><img loading=\"lazy\" decoding=\"async\" width=\"1024\" height=\"683\" class=\"wp-block-cover__image-background wp-image-25 size-large\" alt=\"\" src=\"https:\/\/euroaz.az\/wp-content\/uploads\/2026\/03\/ChatGPT-Image-10-Mar-2026-20_03_12-1024x683.png\" data-object-fit=\"cover\" srcset=\"https:\/\/euroaz.az\/wp-content\/uploads\/2026\/03\/ChatGPT-Image-10-Mar-2026-20_03_12-1024x683.png 1024w, https:\/\/euroaz.az\/wp-content\/uploads\/2026\/03\/ChatGPT-Image-10-Mar-2026-20_03_12-300x200.png 300w, https:\/\/euroaz.az\/wp-content\/uploads\/2026\/03\/ChatGPT-Image-10-Mar-2026-20_03_12-768x512.png 768w, https:\/\/euroaz.az\/wp-content\/uploads\/2026\/03\/ChatGPT-Image-10-Mar-2026-20_03_12.png 1536w\" sizes=\"auto, (max-width: 1024px) 100vw, 1024px\" \/><span aria-hidden=\"true\" class=\"wp-block-cover__background has-background-dim\" style=\"background-color:#768fb5\"><\/span><div class=\"wp-block-cover__inner-container is-layout-constrained wp-block-cover-is-layout-constrained\">\n<p><\/p>\n\n\n\n<p><\/p>\n\n\n\n<p><\/p>\n<\/div><\/div>\n\n\n\n<p><\/p>\n\n\n\n<h2 class=\"wp-block-heading has-text-align-center\"><strong>Xidm\u0259tl\u0259rimiz<\/strong><\/h2>\n\n\n\n<p class=\"has-text-align-center\"><\/p>\n\n\n\n<div class=\"wp-block-columns is-layout-flex wp-container-core-columns-is-layout-28f84493 wp-block-columns-is-layout-flex\">\n<div class=\"wp-block-column is-layout-flow wp-block-column-is-layout-flow\">\n<h2 class=\"wp-block-heading\"><strong>Beyn\u0259lxalq y\u00fck da\u015f\u0131malar\u0131<\/strong><\/h2>\n\n\n\n<p>Beyn\u0259lxalq mar\u015frutlar \u00fczr\u0259 s\u00fcr\u0259tli v\u0259 etibarl\u0131 y\u00fck da\u015f\u0131nmas\u0131 xidm\u0259tl\u0259ri t\u0259qdim edirik.<\/p>\n\n\n\n<figure class=\"wp-block-image size-large\"><img loading=\"lazy\" decoding=\"async\" width=\"1024\" height=\"683\" src=\"https:\/\/euroaz.az\/wp-content\/uploads\/2026\/03\/ChatGPT-Image-10-Mar-2026-20_24_30-1-1024x683.png\" alt=\"\" class=\"wp-image-32\" srcset=\"https:\/\/euroaz.az\/wp-content\/uploads\/2026\/03\/ChatGPT-Image-10-Mar-2026-20_24_30-1-1024x683.png 1024w, https:\/\/euroaz.az\/wp-content\/uploads\/2026\/03\/ChatGPT-Image-10-Mar-2026-20_24_30-1-300x200.png 300w, https:\/\/euroaz.az\/wp-content\/uploads\/2026\/03\/ChatGPT-Image-10-Mar-2026-20_24_30-1-768x512.png 768w, https:\/\/euroaz.az\/wp-content\/uploads\/2026\/03\/ChatGPT-Image-10-Mar-2026-20_24_30-1.png 1536w\" sizes=\"auto, (max-width: 1024px) 100vw, 1024px\" \/><\/figure>\n<\/div>\n\n\n\n<div class=\"wp-block-column is-layout-flow wp-block-column-is-layout-flow\">\n<h2 class=\"wp-block-heading\"><strong>Parsiyel v\u0259 Komple da\u015f\u0131malar<\/strong><\/h2>\n\n\n\n<p>Ki\u00e7ik v\u0259 b\u00f6y\u00fck h\u0259cmli y\u00fckl\u0259r \u00fc\u00e7\u00fcn uy\u011fun v\u0259 t\u0259hl\u00fck\u0259siz da\u015f\u0131nma h\u0259ll\u0259ri.<\/p>\n\n\n\n<figure class=\"wp-block-image size-large\"><img loading=\"lazy\" decoding=\"async\" width=\"1024\" height=\"683\" src=\"https:\/\/euroaz.az\/wp-content\/uploads\/2026\/03\/ChatGPT-Image-10-Mar-2026-20_25_46-1-1024x683.png\" alt=\"\" class=\"wp-image-33\" srcset=\"https:\/\/euroaz.az\/wp-content\/uploads\/2026\/03\/ChatGPT-Image-10-Mar-2026-20_25_46-1-1024x683.png 1024w, https:\/\/euroaz.az\/wp-content\/uploads\/2026\/03\/ChatGPT-Image-10-Mar-2026-20_25_46-1-300x200.png 300w, https:\/\/euroaz.az\/wp-content\/uploads\/2026\/03\/ChatGPT-Image-10-Mar-2026-20_25_46-1-768x512.png 768w, https:\/\/euroaz.az\/wp-content\/uploads\/2026\/03\/ChatGPT-Image-10-Mar-2026-20_25_46-1.png 1536w\" sizes=\"auto, (max-width: 1024px) 100vw, 1024px\" \/><\/figure>\n<\/div>\n\n\n\n<div class=\"wp-block-column is-layout-flow wp-block-column-is-layout-flow\">\n<h2 class=\"wp-block-heading\"><strong>Logistika xidm\u0259tl\u0259ri<\/strong>                     &#8230;&#8230;&#8230;&#8230;&#8230;&#8230;&#8230;&#8230;&#8230;&#8230;&#8230;&#8230;&#8230;                                    <\/h2>\n\n\n\n<p>M\u00fcasir logistika planlamas\u0131 il\u0259 y\u00fckl\u0259rinizin vaxt\u0131nda v\u0259 t\u0259hl\u00fck\u0259siz \u00e7atd\u0131r\u0131lmas\u0131.<\/p>\n\n\n\n<figure class=\"wp-block-image size-large\"><img loading=\"lazy\" decoding=\"async\" width=\"1024\" height=\"683\" src=\"https:\/\/euroaz.az\/wp-content\/uploads\/2026\/03\/ChatGPT-Image-10-Mar-2026-20_26_59-2-1024x683.png\" alt=\"\" class=\"wp-image-36\" srcset=\"https:\/\/euroaz.az\/wp-content\/uploads\/2026\/03\/ChatGPT-Image-10-Mar-2026-20_26_59-2-1024x683.png 1024w, https:\/\/euroaz.az\/wp-content\/uploads\/2026\/03\/ChatGPT-Image-10-Mar-2026-20_26_59-2-300x200.png 300w, https:\/\/euroaz.az\/wp-content\/uploads\/2026\/03\/ChatGPT-Image-10-Mar-2026-20_26_59-2-768x512.png 768w, https:\/\/euroaz.az\/wp-content\/uploads\/2026\/03\/ChatGPT-Image-10-Mar-2026-20_26_59-2.png 1536w\" sizes=\"auto, (max-width: 1024px) 100vw, 1024px\" \/><\/figure>\n<\/div>\n<\/div>\n\n\n\n<h2 class=\"wp-block-heading has-text-align-center\">&#x2b50; Niy\u0259 Euro Az Logistics<\/h2>\n\n\n\n<div class=\"wp-block-columns is-layout-flex wp-container-core-columns-is-layout-28f84493 wp-block-columns-is-layout-flex\">\n<div class=\"wp-block-column is-layout-flow wp-block-column-is-layout-flow\">\n<div class=\"wp-block-columns is-layout-flex wp-container-core-columns-is-layout-28f84493 wp-block-columns-is-layout-flex\">\n<div class=\"wp-block-column is-layout-flow wp-block-column-is-layout-flow\">\n<h2 class=\"wp-block-heading\">S\u00fcr\u0259tli v\u0259 Etibarl\u0131 Da\u015f\u0131nma<\/h2>\n\n\n\nY\u00fckl\u0259rinizin t\u0259hl\u00fck\u0259siz v\u0259 vaxt\u0131nda \u00e7atd\u0131r\u0131lmas\u0131 \u00fc\u00e7\u00fcn pe\u015f\u0259kar logistika h\u0259ll\u0259ri t\u0259qdim edirik\n<\/div>\n\n\n\n<div class=\"wp-block-column is-layout-flow wp-block-column-is-layout-flow\">\n<h2 class=\"wp-block-heading\">Beyn\u0259lxalq Logistika \u015e\u0259b\u0259k\u0259si<\/h2>\n\n\n\nBeyn\u0259lxalq mar\u015frutlar \u00fczr\u0259 geni\u015f logistika imkanlar\u0131m\u0131z say\u0259sind\u0259 y\u00fckl\u0259rinizi m\u00fcxt\u0259lif \u00f6lk\u0259l\u0259r\u0259 etibarl\u0131 \u015f\u0259kild\u0259 \u00e7atd\u0131r\u0131r\u0131q.\n<\/div>\n<\/div>\n<\/div>\n\n\n\n<div class=\"wp-block-column is-layout-flow wp-block-column-is-layout-flow\">\n<div class=\"wp-block-columns is-layout-flex wp-container-core-columns-is-layout-28f84493 wp-block-columns-is-layout-flex\">\n<div class=\"wp-block-column is-layout-flow wp-block-column-is-layout-flow\">\n<h2 class=\"wp-block-heading\">Parsiyel v\u0259 Komple Da\u015f\u0131malar<\/h2>\n\n\n\nKi\u00e7ik v\u0259 b\u00f6y\u00fck h\u0259cmli y\u00fckl\u0259r \u00fc\u00e7\u00fcn parsiyel v\u0259 komple da\u015f\u0131nma xidm\u0259tl\u0259ri t\u0259qdim edirik.\n<\/div>\n\n\n\n<div class=\"wp-block-column is-layout-flow wp-block-column-is-layout-flow\">\n<h2 class=\"wp-block-heading\">Pe\u015f\u0259kar Logistika Planla\u015fd\u0131rmas\u0131<br><\/h2>\n\n\n\nM\u00fcasir logistika planla\u015fd\u0131rma sisteml\u0259ri il\u0259 y\u00fckl\u0259rinizin da\u015f\u0131nma prosesini effektiv \u015f\u0259kild\u0259 idar\u0259 edirik.\n<\/div>\n<\/div>\n<\/div>\n<\/div>\n\n\n\n<h2 class=\"wp-block-heading has-text-align-center\">Bizim R\u0259q\u0259ml\u0259r<\/h2>\n\n\n\n<div class=\"wp-block-columns is-layout-flex wp-container-core-columns-is-layout-28f84493 wp-block-columns-is-layout-flex\">\n<div class=\"wp-block-column is-layout-flow wp-block-column-is-layout-flow\">\n<div class=\"wp-block-columns is-layout-flex wp-container-core-columns-is-layout-28f84493 wp-block-columns-is-layout-flex\">\n<div class=\"wp-block-column is-layout-flow wp-block-column-is-layout-flow\">\n<p><strong>500+<\/strong><br>U\u011furla h\u0259yata ke\u00e7irilmi\u015f da\u015f\u0131nma<\/p>\n<\/div>\n\n\n\n<div class=\"wp-block-column is-layout-flow wp-block-column-is-layout-flow\">\n<p><strong>20+<\/strong><br>Beyn\u0259lxalq mar\u015frut v\u0259 \u00f6lk<\/p>\n<\/div>\n<\/div>\n<\/div>\n\n\n\n<div class=\"wp-block-column is-layout-flow wp-block-column-is-layout-flow\">\n<div class=\"wp-block-columns is-layout-flex wp-container-core-columns-is-layout-28f84493 wp-block-columns-is-layout-flex\">\n<div class=\"wp-block-column is-layout-flow wp-block-column-is-layout-flow\">\n<p><strong>100+<\/strong><br>M\u0259mnun m\u00fc\u015ft\u0259ri<\/p>\n<\/div>\n\n\n\n<div class=\"wp-block-column is-layout-flow wp-block-column-is-layout-flow\">\n<p><strong>24\/7<\/strong><br>Logistika d\u0259st\u0259yi<\/p>\n<\/div>\n<\/div>\n<\/div>\n<\/div>\n\n\n\n<h2 class=\"wp-block-heading has-text-align-center\">Beyn\u0259lxalq mar\u015frut x\u0259rit\u0259si<\/h2>\n\n\n\n<p>Euro Az Logistics beyn\u0259lxalq logistika \u015f\u0259b\u0259k\u0259si vasit\u0259sil\u0259 m\u00fcxt\u0259lif \u00f6lk\u0259l\u0259r\u0259 y\u00fck da\u015f\u0131malar\u0131n\u0131 h\u0259yata ke\u00e7irir. M\u00fcasir logistika planla\u015fd\u0131rmas\u0131 v\u0259 geni\u015f t\u0259r\u0259fda\u015f \u015f\u0259b\u0259k\u0259miz say\u0259sind\u0259 y\u00fckl\u0259riniz t\u0259hl\u00fck\u0259siz v\u0259 vaxt\u0131nda \u00e7atd\u0131r\u0131l\u0131r.<\/p>\n\n\n\n<figure class=\"wp-block-image aligncenter size-large\"><img loading=\"lazy\" decoding=\"async\" width=\"1024\" height=\"683\" src=\"https:\/\/euroaz.az\/wp-content\/uploads\/2026\/03\/ChatGPT-Image-12-Mar-2026-02_25_20-1024x683.png\" alt=\"\" class=\"wp-image-69\" srcset=\"https:\/\/euroaz.az\/wp-content\/uploads\/2026\/03\/ChatGPT-Image-12-Mar-2026-02_25_20-1024x683.png 1024w, https:\/\/euroaz.az\/wp-content\/uploads\/2026\/03\/ChatGPT-Image-12-Mar-2026-02_25_20-300x200.png 300w, https:\/\/euroaz.az\/wp-content\/uploads\/2026\/03\/ChatGPT-Image-12-Mar-2026-02_25_20-768x512.png 768w, https:\/\/euroaz.az\/wp-content\/uploads\/2026\/03\/ChatGPT-Image-12-Mar-2026-02_25_20.png 1536w\" sizes=\"auto, (max-width: 1024px) 100vw, 1024px\" \/><\/figure>\n\n\n\n<h2 class=\"wp-block-heading has-text-align-center\">\u018fsas mar\u015frutlar\u0131m\u0131z:<\/h2>\n\n\n\n<p class=\"has-text-align-center\">Avropa \u2022 Asiya \u2022 Yax\u0131n \u015e\u0259rq \u2022 MDB \u00f6lk\u0259l\u0259ri<\/p>\n\n\n\n<p><\/p>\n","protected":false},"excerpt":{"rendered":"<p>Etibarl\u0131 beyn\u0259lxalq logistika v\u0259 y\u00fckda\u015f\u0131malar\u0131 Xidm\u0259tl\u0259rimiz Beyn\u0259lxalq y\u00fck da\u015f\u0131malar\u0131 Beyn\u0259lxalq mar\u015frutlar \u00fczr\u0259 s\u00fcr\u0259tli v\u0259 etibarl\u0131 y\u00fck da\u015f\u0131nmas\u0131 xidm\u0259tl\u0259ri t\u0259qdim edirik. [&hellip;]<\/p>\n","protected":false},"author":1,"featured_media":0,"parent":0,"menu_order":0,"comment_status":"closed","ping_status":"closed","template":"","meta":{"site-sidebar-layout":"default","site-content-layout":"","ast-site-content-layout":"default","site-content-style":"default","site-sidebar-style":"default","ast-global-header-display":"","ast-banner-title-visibility":"","ast-main-header-display":"","ast-hfb-above-header-display":"","ast-hfb-below-header-display":"","ast-hfb-mobile-header-display":"","site-post-title":"","ast-breadcrumbs-content":"","ast-featured-img":"","footer-sml-layout":"","ast-disable-related-posts":"","theme-transparent-header-meta":"","adv-header-id-meta":"","stick-header-meta":"","header-above-stick-meta":"","header-main-stick-meta":"","header-below-stick-meta":"","astra-migrate-meta-layouts":"default","ast-page-background-enabled":"default","ast-page-background-meta":{"desktop":{"background-color":"var(--ast-global-color-5)","background-image":"","background-repeat":"repeat","background-position":"center center","background-size":"auto","background-attachment":"scroll","background-type":"","background-media":"","overlay-type":"","overlay-color":"","overlay-opacity":"","overlay-gradient":""},"tablet":{"background-color":"","background-image":"","background-repeat":"repeat","background-position":"center center","background-size":"auto","background-attachment":"scroll","background-type":"","background-media":"","overlay-type":"","overlay-color":"","overlay-opacity":"","overlay-gradient":""},"mobile":{"background-color":"","background-image":"","background-repeat":"repeat","background-position":"center center","background-size":"auto","background-attachment":"scroll","background-type":"","background-media":"","overlay-type":"","overlay-color":"","overlay-opacity":"","overlay-gradient":""}},"ast-content-background-meta":{"desktop":{"background-color":"var(--ast-global-color-4)","background-image":"","background-repeat":"repeat","background-position":"center center","background-size":"auto","background-attachment":"scroll","background-type":"","background-media":"","overlay-type":"","overlay-color":"","overlay-opacity":"","overlay-gradient":""},"tablet":{"background-color":"var(--ast-global-color-4)","background-image":"","background-repeat":"repeat","background-position":"center center","background-size":"auto","background-attachment":"scroll","background-type":"","background-media":"","overlay-type":"","overlay-color":"","overlay-opacity":"","overlay-gradient":""},"mobile":{"background-color":"var(--ast-global-color-4)","background-image":"","background-repeat":"repeat","background-position":"center center","background-size":"auto","background-attachment":"scroll","background-type":"","background-media":"","overlay-type":"","overlay-color":"","overlay-opacity":"","overlay-gradient":""}},"footnotes":""},"class_list":["post-5","page","type-page","status-publish","hentry"],"_links":{"self":[{"href":"https:\/\/euroaz.az\/index.php?rest_route=\/wp\/v2\/pages\/5","targetHints":{"allow":["GET"]}}],"collection":[{"href":"https:\/\/euroaz.az\/index.php?rest_route=\/wp\/v2\/pages"}],"about":[{"href":"https:\/\/euroaz.az\/index.php?rest_route=\/wp\/v2\/types\/page"}],"author":[{"embeddable":true,"href":"https:\/\/euroaz.az\/index.php?rest_route=\/wp\/v2\/users\/1"}],"replies":[{"embeddable":true,"href":"https:\/\/euroaz.az\/index.php?rest_route=%2Fwp%2Fv2%2Fcomments&post=5"}],"version-history":[{"count":26,"href":"https:\/\/euroaz.az\/index.php?rest_route=\/wp\/v2\/pages\/5\/revisions"}],"predecessor-version":[{"id":72,"href":"https:\/\/euroaz.az\/index.php?rest_route=\/wp\/v2\/pages\/5\/revisions\/72"}],"wp:attachment":[{"href":"https:\/\/euroaz.az\/index.php?rest_route=%2Fwp%2Fv2%2Fmedia&parent=5"}],"curies":[{"name":"wp","href":"https:\/\/api.w.org\/{rel}","templated":true}]}}