{"id":17,"date":"2026-03-10T19:47:40","date_gmt":"2026-03-10T15:47:40","guid":{"rendered":"https:\/\/euroaz.az\/?page_id=17"},"modified":"2026-03-12T03:10:54","modified_gmt":"2026-03-11T23:10:54","slug":"haqqimizda","status":"publish","type":"page","link":"https:\/\/euroaz.az\/?page_id=17","title":{"rendered":"Haqq\u0131m\u0131zda"},"content":{"rendered":"\n<figure class=\"wp-block-image aligncenter size-large is-resized\"><img loading=\"lazy\" decoding=\"async\" width=\"1024\" height=\"683\" src=\"https:\/\/euroaz.az\/wp-content\/uploads\/2026\/03\/ChatGPT-Image-12-Mar-2026-01_27_08-1-1024x683.png\" alt=\"\" class=\"wp-image-61\" style=\"aspect-ratio:1.5;width:978px;height:auto\" srcset=\"https:\/\/euroaz.az\/wp-content\/uploads\/2026\/03\/ChatGPT-Image-12-Mar-2026-01_27_08-1-1024x683.png 1024w, https:\/\/euroaz.az\/wp-content\/uploads\/2026\/03\/ChatGPT-Image-12-Mar-2026-01_27_08-1-300x200.png 300w, https:\/\/euroaz.az\/wp-content\/uploads\/2026\/03\/ChatGPT-Image-12-Mar-2026-01_27_08-1-768x512.png 768w, https:\/\/euroaz.az\/wp-content\/uploads\/2026\/03\/ChatGPT-Image-12-Mar-2026-01_27_08-1.png 1536w\" sizes=\"auto, (max-width: 1024px) 100vw, 1024px\" \/><\/figure>\n\n\n\n<p>Euro Az Logistics beyn\u0259lxalq y\u00fck da\u015f\u0131malar\u0131 v\u0259 logistika xidm\u0259tl\u0259ri sah\u0259sind\u0259 f\u0259aliyy\u0259t g\u00f6st\u0259r\u0259n etibarl\u0131 \u015firk\u0259tdir. <strong>\u015eirk\u0259timiz 2020-ci ild\u0259n etibar\u0259n beyn\u0259lxalq logistika v\u0259 y\u00fck da\u015f\u0131malar\u0131 sah\u0259sind\u0259 f\u0259aliyy\u0259t g\u00f6st\u0259rir<\/strong> v\u0259 m\u00fc\u015ft\u0259ril\u0259rin\u0259 s\u00fcr\u0259tli, t\u0259hl\u00fck\u0259siz v\u0259 pe\u015f\u0259kar logistika h\u0259ll\u0259ri t\u0259qdim edir.<\/p>\n\n\n\n<p>Biz beyn\u0259lxalq mar\u015frutlar \u00fczr\u0259 y\u00fck da\u015f\u0131malar\u0131, parsiyel v\u0259 komple da\u015f\u0131malar, logistika planla\u015fd\u0131rmas\u0131 v\u0259 y\u00fckl\u0259rin t\u0259hl\u00fck\u0259siz \u015f\u0259kild\u0259 \u00e7atd\u0131r\u0131lmas\u0131 xidm\u0259tl\u0259rini h\u0259yata ke\u00e7iririk.<\/p>\n\n\n\n<p>Pe\u015f\u0259kar komandam\u0131z v\u0259 m\u00fcasir logistika h\u0259ll\u0259rimiz say\u0259sind\u0259 m\u00fc\u015ft\u0259ril\u0259rimizin y\u00fckl\u0259rini vaxt\u0131nda v\u0259 t\u0259hl\u00fck\u0259siz \u015f\u0259kild\u0259 \u00fcnvan\u0131na \u00e7atd\u0131r\u0131r\u0131q.<\/p>\n\n\n\n<hr class=\"wp-block-separator has-alpha-channel-opacity is-style-dots\"\/>\n\n\n\n<h3 class=\"wp-block-heading\">Missiyam\u0131z<\/h3>\n\n\n\n<p>M\u00fc\u015ft\u0259ril\u0259rimiz\u0259 etibarl\u0131, s\u00fcr\u0259tli v\u0259 keyfiyy\u0259tli logistika xidm\u0259tl\u0259ri t\u0259qdim ed\u0259r\u0259k beyn\u0259lxalq y\u00fck da\u015f\u0131malar\u0131nda g\u00fcv\u0259nil\u0259n t\u0259r\u0259fda\u015f olmaq.<\/p>\n\n\n\n<hr class=\"wp-block-separator has-alpha-channel-opacity is-style-dots\"\/>\n\n\n\n<h3 class=\"wp-block-heading\">Vizyonumuz<\/h3>\n\n\n\n<p>Logistika v\u0259 y\u00fck da\u015f\u0131malar\u0131 sah\u0259sind\u0259 innovativ h\u0259ll\u0259r t\u0259qdim ed\u0259n v\u0259 beyn\u0259lxalq bazarda tan\u0131nan \u015firk\u0259tl\u0259rd\u0259n biri olmaq.<\/p>\n\n\n\n<h3 class=\"wp-block-heading\">&#x1f4cd; \u018flaq\u0259 m\u0259lumatlar\u0131<\/h3>\n\n\n\n<p>&#x1f3e2; <strong>Ba\u015f ofis<\/strong><br>Zorge k\u00fc\u00e7\u0259si, 28 May, Bak\u0131, Az\u0259rbaycan<\/p>\n\n\n\n<p>&#x1f6a2; <strong>Logistika m\u0259rk\u0259zi<\/strong><br>\u018fl\u0259t Liman\u0131, Bak\u0131, Az\u0259rbaycan<\/p>\n\n\n\n<p>&#x1f4e7; <strong>Email:<\/strong> <a>info@euroaz.az<\/a><br>&#x1f4de; <strong>Telefon:<\/strong> +994 55 292 26 55<\/p>\n\n\n\n<p><\/p>\n","protected":false},"excerpt":{"rendered":"<p>Euro Az Logistics beyn\u0259lxalq y\u00fck da\u015f\u0131malar\u0131 v\u0259 logistika xidm\u0259tl\u0259ri sah\u0259sind\u0259 f\u0259aliyy\u0259t g\u00f6st\u0259r\u0259n etibarl\u0131 \u015firk\u0259tdir. \u015eirk\u0259timiz 2020-ci ild\u0259n etibar\u0259n beyn\u0259lxalq logistika [&hellip;]<\/p>\n","protected":false},"author":1,"featured_media":0,"parent":0,"menu_order":0,"comment_status":"closed","ping_status":"closed","template":"","meta":{"site-sidebar-layout":"default","site-content-layout":"","ast-site-content-layout":"default","site-content-style":"default","site-sidebar-style":"default","ast-global-header-display":"","ast-banner-title-visibility":"","ast-main-header-display":"","ast-hfb-above-header-display":"","ast-hfb-below-header-display":"","ast-hfb-mobile-header-display":"","site-post-title":"","ast-breadcrumbs-content":"","ast-featured-img":"","footer-sml-layout":"","ast-disable-related-posts":"","theme-transparent-header-meta":"","adv-header-id-meta":"","stick-header-meta":"","header-above-stick-meta":"","header-main-stick-meta":"","header-below-stick-meta":"","astra-migrate-meta-layouts":"default","ast-page-background-enabled":"default","ast-page-background-meta":{"desktop":{"background-color":"var(--ast-global-color-5)","background-image":"","background-repeat":"repeat","background-position":"center center","background-size":"auto","background-attachment":"scroll","background-type":"","background-media":"","overlay-type":"","overlay-color":"","overlay-opacity":"","overlay-gradient":""},"tablet":{"background-color":"","background-image":"","background-repeat":"repeat","background-position":"center center","background-size":"auto","background-attachment":"scroll","background-type":"","background-media":"","overlay-type":"","overlay-color":"","overlay-opacity":"","overlay-gradient":""},"mobile":{"background-color":"","background-image":"","background-repeat":"repeat","background-position":"center center","background-size":"auto","background-attachment":"scroll","background-type":"","background-media":"","overlay-type":"","overlay-color":"","overlay-opacity":"","overlay-gradient":""}},"ast-content-background-meta":{"desktop":{"background-color":"var(--ast-global-color-4)","background-image":"","background-repeat":"repeat","background-position":"center center","background-size":"auto","background-attachment":"scroll","background-type":"","background-media":"","overlay-type":"","overlay-color":"","overlay-opacity":"","overlay-gradient":""},"tablet":{"background-color":"var(--ast-global-color-4)","background-image":"","background-repeat":"repeat","background-position":"center center","background-size":"auto","background-attachment":"scroll","background-type":"","background-media":"","overlay-type":"","overlay-color":"","overlay-opacity":"","overlay-gradient":""},"mobile":{"background-color":"var(--ast-global-color-4)","background-image":"","background-repeat":"repeat","background-position":"center center","background-size":"auto","background-attachment":"scroll","background-type":"","background-media":"","overlay-type":"","overlay-color":"","overlay-opacity":"","overlay-gradient":""}},"footnotes":""},"class_list":["post-17","page","type-page","status-publish","hentry"],"_links":{"self":[{"href":"https:\/\/euroaz.az\/index.php?rest_route=\/wp\/v2\/pages\/17","targetHints":{"allow":["GET"]}}],"collection":[{"href":"https:\/\/euroaz.az\/index.php?rest_route=\/wp\/v2\/pages"}],"about":[{"href":"https:\/\/euroaz.az\/index.php?rest_route=\/wp\/v2\/types\/page"}],"author":[{"embeddable":true,"href":"https:\/\/euroaz.az\/index.php?rest_route=\/wp\/v2\/users\/1"}],"replies":[{"embeddable":true,"href":"https:\/\/euroaz.az\/index.php?rest_route=%2Fwp%2Fv2%2Fcomments&post=17"}],"version-history":[{"count":8,"href":"https:\/\/euroaz.az\/index.php?rest_route=\/wp\/v2\/pages\/17\/revisions"}],"predecessor-version":[{"id":87,"href":"https:\/\/euroaz.az\/index.php?rest_route=\/wp\/v2\/pages\/17\/revisions\/87"}],"wp:attachment":[{"href":"https:\/\/euroaz.az\/index.php?rest_route=%2Fwp%2Fv2%2Fmedia&parent=17"}],"curies":[{"name":"wp","href":"https:\/\/api.w.org\/{rel}","templated":true}]}}