{"id":15,"date":"2026-03-10T19:47:17","date_gmt":"2026-03-10T15:47:17","guid":{"rendered":"https:\/\/euroaz.az\/?page_id=15"},"modified":"2026-03-12T03:11:55","modified_gmt":"2026-03-11T23:11:55","slug":"xidm%c9%99tl%c9%99r","status":"publish","type":"page","link":"https:\/\/euroaz.az\/?page_id=15","title":{"rendered":"Xidm\u0259tl\u0259rimiz"},"content":{"rendered":"\n<p><strong>Euro Az Logistics beyn\u0259lxalq y\u00fck da\u015f\u0131malar\u0131 v\u0259 logistika sah\u0259sind\u0259 m\u00fcxt\u0259lif xidm\u0259tl\u0259r t\u0259qdim edir. Pe\u015f\u0259kar komandam\u0131z v\u0259 geni\u015f logistika \u015f\u0259b\u0259k\u0259miz say\u0259sind\u0259 y\u00fckl\u0259riniz t\u0259hl\u00fck\u0259siz v\u0259 vaxt\u0131nda \u00e7atd\u0131r\u0131l\u0131r.<\/strong><\/p>\n\n\n\n<h2 class=\"wp-block-heading\">&#x1f69a;Beyn\u0259lxalq y\u00fck da\u015f\u0131malar\u0131<\/h2>\n\n\n\n<p>Euro Az Logistics beyn\u0259lxalq mar\u015frutlar \u00fczr\u0259 y\u00fck da\u015f\u0131nmas\u0131 xidm\u0259tl\u0259ri t\u0259qdim edir. M\u00fcasir logistika h\u0259ll\u0259rimiz say\u0259sind\u0259 y\u00fckl\u0259riniz t\u0259hl\u00fck\u0259siz v\u0259 vaxt\u0131nda \u00fcnvan\u0131na \u00e7atd\u0131r\u0131l\u0131r<\/p>\n\n\n\n<h2 class=\"wp-block-heading\">&#x1f4e6;Parsiyel v\u0259 Komple da\u015f\u0131malar<\/h2>\n\n\n\n<p>Ki\u00e7ik v\u0259 b\u00f6y\u00fck h\u0259cmli y\u00fckl\u0259r \u00fc\u00e7\u00fcn parsiyel (LTL) v\u0259 komple (FTL) da\u015f\u0131nma xidm\u0259tl\u0259ri t\u0259qdim edirik. M\u00fcxt\u0259lif mar\u015frutlar \u00fczr\u0259 optimal logistika h\u0259ll\u0259ri t\u0259min olunur<\/p>\n\n\n\n<h2 class=\"wp-block-heading\">&#x1f30d;Logistika planla\u015fd\u0131rmas\u0131<\/h2>\n\n\n\n<p>Pe\u015f\u0259kar logistika komandam\u0131z y\u00fckl\u0259rin da\u015f\u0131nma prosesini planla\u015fd\u0131raraq \u0259n uy\u011fun mar\u015frut v\u0259 n\u0259qliyyat h\u0259ll\u0259rini t\u0259qdim edir<\/p>\n\n\n\n<h2 class=\"wp-block-heading\">&#x26a1;T\u0259hl\u00fck\u0259siz v\u0259 operativ \u00e7atd\u0131r\u0131lma<\/h2>\n\n\n\n<p>Y\u00fckl\u0259rinizin da\u015f\u0131nmas\u0131 zaman\u0131 t\u0259hl\u00fck\u0259sizlik v\u0259 operativlik \u0259sas prioritetl\u0259rimizd\u0259n biridir. M\u00fcasir n\u0259zar\u0259t v\u0259 planla\u015fd\u0131rma sisteml\u0259ri il\u0259 proses effektiv \u015f\u0259kild\u0259 idar\u0259 olunur<\/p>\n\n\n\n<h3 class=\"wp-block-heading\"><strong>Biziml\u0259 \u0259laq\u0259 saxlay\u0131n<\/strong><\/h3>\n\n\n\n<p>&#x1f3e2; <strong>Ba\u015f ofis<\/strong><br>Zorge k\u00fc\u00e7\u0259si, 28 May, Bak\u0131, Az\u0259rbaycan<\/p>\n\n\n\n<p>&#x1f6a2; <strong>Logistika m\u0259rk\u0259zi<\/strong><br>\u018fl\u0259t Liman\u0131, Bak\u0131, Az\u0259rbaycan<\/p>\n\n\n\n<p>&#x1f4e7; <strong>Email:<\/strong> <a>info@euroaz.az<\/a><br>&#x1f4de; <strong>Telefon:<\/strong> +994 55 292 26 55<\/p>\n\n\n\n<p><\/p>\n","protected":false},"excerpt":{"rendered":"<p>Euro Az Logistics beyn\u0259lxalq y\u00fck da\u015f\u0131malar\u0131 v\u0259 logistika sah\u0259sind\u0259 m\u00fcxt\u0259lif xidm\u0259tl\u0259r t\u0259qdim edir. Pe\u015f\u0259kar komandam\u0131z v\u0259 geni\u015f logistika \u015f\u0259b\u0259k\u0259miz say\u0259sind\u0259 [&hellip;]<\/p>\n","protected":false},"author":1,"featured_media":0,"parent":0,"menu_order":0,"comment_status":"closed","ping_status":"closed","template":"","meta":{"site-sidebar-layout":"default","site-content-layout":"","ast-site-content-layout":"default","site-content-style":"default","site-sidebar-style":"default","ast-global-header-display":"","ast-banner-title-visibility":"","ast-main-header-display":"","ast-hfb-above-header-display":"","ast-hfb-below-header-display":"","ast-hfb-mobile-header-display":"","site-post-title":"","ast-breadcrumbs-content":"","ast-featured-img":"","footer-sml-layout":"","ast-disable-related-posts":"","theme-transparent-header-meta":"","adv-header-id-meta":"","stick-header-meta":"","header-above-stick-meta":"","header-main-stick-meta":"","header-below-stick-meta":"","astra-migrate-meta-layouts":"default","ast-page-background-enabled":"default","ast-page-background-meta":{"desktop":{"background-color":"var(--ast-global-color-5)","background-image":"","background-repeat":"repeat","background-position":"center center","background-size":"auto","background-attachment":"scroll","background-type":"","background-media":"","overlay-type":"","overlay-color":"","overlay-opacity":"","overlay-gradient":""},"tablet":{"background-color":"","background-image":"","background-repeat":"repeat","background-position":"center center","background-size":"auto","background-attachment":"scroll","background-type":"","background-media":"","overlay-type":"","overlay-color":"","overlay-opacity":"","overlay-gradient":""},"mobile":{"background-color":"","background-image":"","background-repeat":"repeat","background-position":"center center","background-size":"auto","background-attachment":"scroll","background-type":"","background-media":"","overlay-type":"","overlay-color":"","overlay-opacity":"","overlay-gradient":""}},"ast-content-background-meta":{"desktop":{"background-color":"var(--ast-global-color-4)","background-image":"","background-repeat":"repeat","background-position":"center center","background-size":"auto","background-attachment":"scroll","background-type":"","background-media":"","overlay-type":"","overlay-color":"","overlay-opacity":"","overlay-gradient":""},"tablet":{"background-color":"var(--ast-global-color-4)","background-image":"","background-repeat":"repeat","background-position":"center center","background-size":"auto","background-attachment":"scroll","background-type":"","background-media":"","overlay-type":"","overlay-color":"","overlay-opacity":"","overlay-gradient":""},"mobile":{"background-color":"var(--ast-global-color-4)","background-image":"","background-repeat":"repeat","background-position":"center center","background-size":"auto","background-attachment":"scroll","background-type":"","background-media":"","overlay-type":"","overlay-color":"","overlay-opacity":"","overlay-gradient":""}},"footnotes":""},"class_list":["post-15","page","type-page","status-publish","hentry"],"_links":{"self":[{"href":"https:\/\/euroaz.az\/index.php?rest_route=\/wp\/v2\/pages\/15","targetHints":{"allow":["GET"]}}],"collection":[{"href":"https:\/\/euroaz.az\/index.php?rest_route=\/wp\/v2\/pages"}],"about":[{"href":"https:\/\/euroaz.az\/index.php?rest_route=\/wp\/v2\/types\/page"}],"author":[{"embeddable":true,"href":"https:\/\/euroaz.az\/index.php?rest_route=\/wp\/v2\/users\/1"}],"replies":[{"embeddable":true,"href":"https:\/\/euroaz.az\/index.php?rest_route=%2Fwp%2Fv2%2Fcomments&post=15"}],"version-history":[{"count":7,"href":"https:\/\/euroaz.az\/index.php?rest_route=\/wp\/v2\/pages\/15\/revisions"}],"predecessor-version":[{"id":88,"href":"https:\/\/euroaz.az\/index.php?rest_route=\/wp\/v2\/pages\/15\/revisions\/88"}],"wp:attachment":[{"href":"https:\/\/euroaz.az\/index.php?rest_route=%2Fwp%2Fv2%2Fmedia&parent=15"}],"curies":[{"name":"wp","href":"https:\/\/api.w.org\/{rel}","templated":true}]}}